{"id":2585,"date":"2023-07-06T12:24:54","date_gmt":"2023-07-06T12:24:54","guid":{"rendered":"https:\/\/alcyon.es\/customize-cookies\/"},"modified":"2023-07-06T12:24:54","modified_gmt":"2023-07-06T12:24:54","slug":"customize-cookies","status":"publish","type":"page","link":"https:\/\/alcyon.es\/en\/customize-cookies\/","title":{"rendered":"Customize cookies"},"content":{"rendered":"","protected":false},"excerpt":{"rendered":"","protected":false},"author":2,"featured_media":0,"parent":0,"menu_order":0,"comment_status":"closed","ping_status":"closed","template":"","meta":{"footnotes":""},"class_list":["post-2585","page","type-page","status-publish","hentry"],"yoast_head":"<!-- This site is optimized with the Yoast SEO plugin v25.0 - https:\/\/yoast.com\/wordpress\/plugins\/seo\/ -->\n<title>Customize cookies | Alcyon<\/title>\n<meta name=\"description\" content=\"Larra\u00f1aga y Elorza, S.A. inicia su actividad en el a\u00f1o 1.918 dedic\u00e1ndose en un principio a la fabricaci\u00f3n de armas cortas, y continuando a partir del a\u00f1o 1.921 con la que ha sido su principal actividad hasta nuestros d\u00edas: La fabricaci\u00f3n de grilletes.\" \/>\n<meta name=\"robots\" content=\"index, follow, max-snippet:-1, max-image-preview:large, max-video-preview:-1\" \/>\n<link rel=\"canonical\" href=\"https:\/\/alcyon.es\/customize-cookies\/\" \/>\n<meta property=\"og:locale\" content=\"en_US\" \/>\n<meta property=\"og:type\" content=\"article\" \/>\n<meta property=\"og:title\" content=\"Customize cookies | Alcyon\" \/>\n<meta property=\"og:description\" content=\"Larra\u00f1aga y Elorza, S.A. inicia su actividad en el a\u00f1o 1.918 dedic\u00e1ndose en un principio a la fabricaci\u00f3n de armas cortas, y continuando a partir del a\u00f1o 1.921 con la que ha sido su principal actividad hasta nuestros d\u00edas: La fabricaci\u00f3n de grilletes.\" \/>\n<meta property=\"og:url\" content=\"https:\/\/alcyon.es\/customize-cookies\/\" \/>\n<meta property=\"og:site_name\" content=\"Alcyon\" \/>\n<meta name=\"twitter:card\" content=\"summary_large_image\" \/>\n<script type=\"application\/ld+json\" class=\"yoast-schema-graph\">{\"@context\":\"https:\/\/schema.org\",\"@graph\":[{\"@type\":\"WebPage\",\"@id\":\"https:\/\/alcyon.es\/customize-cookies\/\",\"url\":\"https:\/\/alcyon.es\/customize-cookies\/\",\"name\":\"Customize cookies | Alcyon\",\"isPartOf\":{\"@id\":\"https:\/\/alcyon.es\/#website\"},\"datePublished\":\"2023-07-06T12:24:54+00:00\",\"description\":\"Larra\u00f1aga y Elorza, S.A. inicia su actividad en el a\u00f1o 1.918 dedic\u00e1ndose en un principio a la fabricaci\u00f3n de armas cortas, y continuando a partir del a\u00f1o 1.921 con la que ha sido su principal actividad hasta nuestros d\u00edas: La fabricaci\u00f3n de grilletes.\",\"breadcrumb\":{\"@id\":\"https:\/\/alcyon.es\/customize-cookies\/#breadcrumb\"},\"inLanguage\":\"en-US\",\"potentialAction\":[{\"@type\":\"ReadAction\",\"target\":[\"https:\/\/alcyon.es\/customize-cookies\/\"]}]},{\"@type\":\"BreadcrumbList\",\"@id\":\"https:\/\/alcyon.es\/customize-cookies\/#breadcrumb\",\"itemListElement\":[{\"@type\":\"ListItem\",\"position\":1,\"name\":\"Inicio\",\"item\":\"https:\/\/alcyon.es\/en\/\"},{\"@type\":\"ListItem\",\"position\":2,\"name\":\"Customize cookies\"}]},{\"@type\":\"WebSite\",\"@id\":\"https:\/\/alcyon.es\/#website\",\"url\":\"https:\/\/alcyon.es\/\",\"name\":\"Alcyon\",\"description\":\"Larra\u00f1aga y Elorza, S.A. inicia su actividad en el a\u00f1o 1.918 dedic\u00e1ndose en un principio a la fabricaci\u00f3n de armas cortas, y continuando a partir del a\u00f1o 1.921 con la que ha sido su principal actividad hasta nuestros d\u00edas: La fabricaci\u00f3n de grilletes.\",\"publisher\":{\"@id\":\"https:\/\/alcyon.es\/#organization\"},\"alternateName\":\"Alcyon\",\"potentialAction\":[{\"@type\":\"SearchAction\",\"target\":{\"@type\":\"EntryPoint\",\"urlTemplate\":\"https:\/\/alcyon.es\/?s={search_term_string}\"},\"query-input\":{\"@type\":\"PropertyValueSpecification\",\"valueRequired\":true,\"valueName\":\"search_term_string\"}}],\"inLanguage\":\"en-US\"},{\"@type\":\"Organization\",\"@id\":\"https:\/\/alcyon.es\/#organization\",\"name\":\"Alcyon\",\"alternateName\":\"Alcyon\",\"url\":\"https:\/\/alcyon.es\/\",\"logo\":{\"@type\":\"ImageObject\",\"inLanguage\":\"en-US\",\"@id\":\"https:\/\/alcyon.es\/#\/schema\/logo\/image\/\",\"url\":\"https:\/\/alcyon.es\/wp-content\/uploads\/2024\/03\/logo-alcyon.png\",\"contentUrl\":\"https:\/\/alcyon.es\/wp-content\/uploads\/2024\/03\/logo-alcyon.png\",\"width\":300,\"height\":83,\"caption\":\"Alcyon\"},\"image\":{\"@id\":\"https:\/\/alcyon.es\/#\/schema\/logo\/image\/\"}}]}<\/script>\n<!-- \/ Yoast SEO plugin. -->","yoast_head_json":{"title":"Customize cookies | Alcyon","description":"Larra\u00f1aga y Elorza, S.A. inicia su actividad en el a\u00f1o 1.918 dedic\u00e1ndose en un principio a la fabricaci\u00f3n de armas cortas, y continuando a partir del a\u00f1o 1.921 con la que ha sido su principal actividad hasta nuestros d\u00edas: La fabricaci\u00f3n de grilletes.","robots":{"index":"index","follow":"follow","max-snippet":"max-snippet:-1","max-image-preview":"max-image-preview:large","max-video-preview":"max-video-preview:-1"},"canonical":"https:\/\/alcyon.es\/customize-cookies\/","og_locale":"en_US","og_type":"article","og_title":"Customize cookies | Alcyon","og_description":"Larra\u00f1aga y Elorza, S.A. inicia su actividad en el a\u00f1o 1.918 dedic\u00e1ndose en un principio a la fabricaci\u00f3n de armas cortas, y continuando a partir del a\u00f1o 1.921 con la que ha sido su principal actividad hasta nuestros d\u00edas: La fabricaci\u00f3n de grilletes.","og_url":"https:\/\/alcyon.es\/customize-cookies\/","og_site_name":"Alcyon","twitter_card":"summary_large_image","schema":{"@context":"https:\/\/schema.org","@graph":[{"@type":"WebPage","@id":"https:\/\/alcyon.es\/customize-cookies\/","url":"https:\/\/alcyon.es\/customize-cookies\/","name":"Customize cookies | Alcyon","isPartOf":{"@id":"https:\/\/alcyon.es\/#website"},"datePublished":"2023-07-06T12:24:54+00:00","description":"Larra\u00f1aga y Elorza, S.A. inicia su actividad en el a\u00f1o 1.918 dedic\u00e1ndose en un principio a la fabricaci\u00f3n de armas cortas, y continuando a partir del a\u00f1o 1.921 con la que ha sido su principal actividad hasta nuestros d\u00edas: La fabricaci\u00f3n de grilletes.","breadcrumb":{"@id":"https:\/\/alcyon.es\/customize-cookies\/#breadcrumb"},"inLanguage":"en-US","potentialAction":[{"@type":"ReadAction","target":["https:\/\/alcyon.es\/customize-cookies\/"]}]},{"@type":"BreadcrumbList","@id":"https:\/\/alcyon.es\/customize-cookies\/#breadcrumb","itemListElement":[{"@type":"ListItem","position":1,"name":"Inicio","item":"https:\/\/alcyon.es\/en\/"},{"@type":"ListItem","position":2,"name":"Customize cookies"}]},{"@type":"WebSite","@id":"https:\/\/alcyon.es\/#website","url":"https:\/\/alcyon.es\/","name":"Alcyon","description":"Larra\u00f1aga y Elorza, S.A. inicia su actividad en el a\u00f1o 1.918 dedic\u00e1ndose en un principio a la fabricaci\u00f3n de armas cortas, y continuando a partir del a\u00f1o 1.921 con la que ha sido su principal actividad hasta nuestros d\u00edas: La fabricaci\u00f3n de grilletes.","publisher":{"@id":"https:\/\/alcyon.es\/#organization"},"alternateName":"Alcyon","potentialAction":[{"@type":"SearchAction","target":{"@type":"EntryPoint","urlTemplate":"https:\/\/alcyon.es\/?s={search_term_string}"},"query-input":{"@type":"PropertyValueSpecification","valueRequired":true,"valueName":"search_term_string"}}],"inLanguage":"en-US"},{"@type":"Organization","@id":"https:\/\/alcyon.es\/#organization","name":"Alcyon","alternateName":"Alcyon","url":"https:\/\/alcyon.es\/","logo":{"@type":"ImageObject","inLanguage":"en-US","@id":"https:\/\/alcyon.es\/#\/schema\/logo\/image\/","url":"https:\/\/alcyon.es\/wp-content\/uploads\/2024\/03\/logo-alcyon.png","contentUrl":"https:\/\/alcyon.es\/wp-content\/uploads\/2024\/03\/logo-alcyon.png","width":300,"height":83,"caption":"Alcyon"},"image":{"@id":"https:\/\/alcyon.es\/#\/schema\/logo\/image\/"}}]}},"_links":{"self":[{"href":"https:\/\/alcyon.es\/en\/wp-json\/wp\/v2\/pages\/2585","targetHints":{"allow":["GET"]}}],"collection":[{"href":"https:\/\/alcyon.es\/en\/wp-json\/wp\/v2\/pages"}],"about":[{"href":"https:\/\/alcyon.es\/en\/wp-json\/wp\/v2\/types\/page"}],"author":[{"embeddable":true,"href":"https:\/\/alcyon.es\/en\/wp-json\/wp\/v2\/users\/2"}],"replies":[{"embeddable":true,"href":"https:\/\/alcyon.es\/en\/wp-json\/wp\/v2\/comments?post=2585"}],"version-history":[{"count":0,"href":"https:\/\/alcyon.es\/en\/wp-json\/wp\/v2\/pages\/2585\/revisions"}],"wp:attachment":[{"href":"https:\/\/alcyon.es\/en\/wp-json\/wp\/v2\/media?parent=2585"}],"curies":[{"name":"wp","href":"https:\/\/api.w.org\/{rel}","templated":true}]}}