{"id":2589,"date":"2023-03-17T10:27:21","date_gmt":"2023-03-17T10:27:21","guid":{"rendered":"https:\/\/alcyon.es\/privacy-policy\/"},"modified":"2025-05-22T13:58:47","modified_gmt":"2025-05-22T13:58:47","slug":"privacy-policy","status":"publish","type":"page","link":"https:\/\/alcyon.es\/en\/privacy-policy\/","title":{"rendered":"Privacy policy"},"content":{"rendered":"<div class=\"fusion-fullwidth fullwidth-box fusion-builder-row-1 fusion-flex-container has-pattern-background has-mask-background nonhundred-percent-fullwidth non-hundred-percent-height-scrolling\" style=\"--awb-border-radius-top-left:0px;--awb-border-radius-top-right:0px;--awb-border-radius-bottom-right:0px;--awb-border-radius-bottom-left:0px;--awb-flex-wrap:wrap;\" ><div class=\"fusion-builder-row fusion-row fusion-flex-align-items-flex-start fusion-flex-content-wrap\" style=\"max-width:1248px;margin-left: calc(-4% \/ 2 );margin-right: calc(-4% \/ 2 );\"><div class=\"fusion-layout-column fusion_builder_column fusion-builder-column-0 fusion_builder_column_1_1 1_1 fusion-flex-column\" style=\"--awb-bg-size:cover;--awb-width-large:100%;--awb-margin-top-large:0px;--awb-spacing-right-large:1.92%;--awb-margin-bottom-large:0px;--awb-spacing-left-large:1.92%;--awb-width-medium:100%;--awb-order-medium:0;--awb-spacing-right-medium:1.92%;--awb-spacing-left-medium:1.92%;--awb-width-small:100%;--awb-order-small:0;--awb-spacing-right-small:1.92%;--awb-spacing-left-small:1.92%;\"><div class=\"fusion-column-wrapper fusion-column-has-shadow fusion-flex-justify-content-flex-start fusion-content-layout-column\">[argpd_politica-privacidad \/]<\/div><\/div><\/div><\/div>\n","protected":false},"excerpt":{"rendered":"","protected":false},"author":1,"featured_media":0,"parent":0,"menu_order":0,"comment_status":"closed","ping_status":"closed","template":"100-width.php","meta":{"footnotes":""},"class_list":["post-2589","page","type-page","status-publish","hentry"],"yoast_head":"<!-- This site is optimized with the Yoast SEO plugin v25.0 - https:\/\/yoast.com\/wordpress\/plugins\/seo\/ -->\n<title>Privacy policy | Alcyon<\/title>\n<meta name=\"description\" content=\"Larra\u00f1aga y Elorza, S.A. inicia su actividad en el a\u00f1o 1.918 dedic\u00e1ndose en un principio a la fabricaci\u00f3n de armas cortas, y continuando a partir del a\u00f1o 1.921 con la que ha sido su principal actividad hasta nuestros d\u00edas: La fabricaci\u00f3n de grilletes.\" \/>\n<meta name=\"robots\" content=\"index, follow, max-snippet:-1, max-image-preview:large, max-video-preview:-1\" \/>\n<link rel=\"canonical\" href=\"https:\/\/alcyon.es\/en\/privacy-policy\/\" \/>\n<meta property=\"og:locale\" content=\"en_US\" \/>\n<meta property=\"og:type\" content=\"article\" \/>\n<meta property=\"og:title\" content=\"Privacy policy | Alcyon\" \/>\n<meta property=\"og:description\" content=\"Larra\u00f1aga y Elorza, S.A. inicia su actividad en el a\u00f1o 1.918 dedic\u00e1ndose en un principio a la fabricaci\u00f3n de armas cortas, y continuando a partir del a\u00f1o 1.921 con la que ha sido su principal actividad hasta nuestros d\u00edas: La fabricaci\u00f3n de grilletes.\" \/>\n<meta property=\"og:url\" content=\"https:\/\/alcyon.es\/en\/privacy-policy\/\" \/>\n<meta property=\"og:site_name\" content=\"Alcyon\" \/>\n<meta property=\"article:modified_time\" content=\"2025-05-22T13:58:47+00:00\" \/>\n<meta name=\"twitter:card\" content=\"summary_large_image\" \/>\n<meta name=\"twitter:label1\" content=\"Est. reading time\" \/>\n\t<meta name=\"twitter:data1\" content=\"4 minutes\" \/>\n<script type=\"application\/ld+json\" class=\"yoast-schema-graph\">{\"@context\":\"https:\/\/schema.org\",\"@graph\":[{\"@type\":\"WebPage\",\"@id\":\"https:\/\/alcyon.es\/en\/privacy-policy\/\",\"url\":\"https:\/\/alcyon.es\/en\/privacy-policy\/\",\"name\":\"Privacy policy | Alcyon\",\"isPartOf\":{\"@id\":\"https:\/\/alcyon.es\/#website\"},\"datePublished\":\"2023-03-17T10:27:21+00:00\",\"dateModified\":\"2025-05-22T13:58:47+00:00\",\"description\":\"Larra\u00f1aga y Elorza, S.A. inicia su actividad en el a\u00f1o 1.918 dedic\u00e1ndose en un principio a la fabricaci\u00f3n de armas cortas, y continuando a partir del a\u00f1o 1.921 con la que ha sido su principal actividad hasta nuestros d\u00edas: La fabricaci\u00f3n de grilletes.\",\"breadcrumb\":{\"@id\":\"https:\/\/alcyon.es\/en\/privacy-policy\/#breadcrumb\"},\"inLanguage\":\"en-US\",\"potentialAction\":[{\"@type\":\"ReadAction\",\"target\":[\"https:\/\/alcyon.es\/en\/privacy-policy\/\"]}]},{\"@type\":\"BreadcrumbList\",\"@id\":\"https:\/\/alcyon.es\/en\/privacy-policy\/#breadcrumb\",\"itemListElement\":[{\"@type\":\"ListItem\",\"position\":1,\"name\":\"Inicio\",\"item\":\"https:\/\/alcyon.es\/en\/\"},{\"@type\":\"ListItem\",\"position\":2,\"name\":\"Privacy policy\"}]},{\"@type\":\"WebSite\",\"@id\":\"https:\/\/alcyon.es\/#website\",\"url\":\"https:\/\/alcyon.es\/\",\"name\":\"Alcyon\",\"description\":\"Larra\u00f1aga y Elorza, S.A. inicia su actividad en el a\u00f1o 1.918 dedic\u00e1ndose en un principio a la fabricaci\u00f3n de armas cortas, y continuando a partir del a\u00f1o 1.921 con la que ha sido su principal actividad hasta nuestros d\u00edas: La fabricaci\u00f3n de grilletes.\",\"publisher\":{\"@id\":\"https:\/\/alcyon.es\/#organization\"},\"alternateName\":\"Alcyon\",\"potentialAction\":[{\"@type\":\"SearchAction\",\"target\":{\"@type\":\"EntryPoint\",\"urlTemplate\":\"https:\/\/alcyon.es\/?s={search_term_string}\"},\"query-input\":{\"@type\":\"PropertyValueSpecification\",\"valueRequired\":true,\"valueName\":\"search_term_string\"}}],\"inLanguage\":\"en-US\"},{\"@type\":\"Organization\",\"@id\":\"https:\/\/alcyon.es\/#organization\",\"name\":\"Alcyon\",\"alternateName\":\"Alcyon\",\"url\":\"https:\/\/alcyon.es\/\",\"logo\":{\"@type\":\"ImageObject\",\"inLanguage\":\"en-US\",\"@id\":\"https:\/\/alcyon.es\/#\/schema\/logo\/image\/\",\"url\":\"https:\/\/alcyon.es\/wp-content\/uploads\/2024\/03\/logo-alcyon.png\",\"contentUrl\":\"https:\/\/alcyon.es\/wp-content\/uploads\/2024\/03\/logo-alcyon.png\",\"width\":300,\"height\":83,\"caption\":\"Alcyon\"},\"image\":{\"@id\":\"https:\/\/alcyon.es\/#\/schema\/logo\/image\/\"}}]}<\/script>\n<!-- \/ Yoast SEO plugin. -->","yoast_head_json":{"title":"Privacy policy | Alcyon","description":"Larra\u00f1aga y Elorza, S.A. inicia su actividad en el a\u00f1o 1.918 dedic\u00e1ndose en un principio a la fabricaci\u00f3n de armas cortas, y continuando a partir del a\u00f1o 1.921 con la que ha sido su principal actividad hasta nuestros d\u00edas: La fabricaci\u00f3n de grilletes.","robots":{"index":"index","follow":"follow","max-snippet":"max-snippet:-1","max-image-preview":"max-image-preview:large","max-video-preview":"max-video-preview:-1"},"canonical":"https:\/\/alcyon.es\/en\/privacy-policy\/","og_locale":"en_US","og_type":"article","og_title":"Privacy policy | Alcyon","og_description":"Larra\u00f1aga y Elorza, S.A. inicia su actividad en el a\u00f1o 1.918 dedic\u00e1ndose en un principio a la fabricaci\u00f3n de armas cortas, y continuando a partir del a\u00f1o 1.921 con la que ha sido su principal actividad hasta nuestros d\u00edas: La fabricaci\u00f3n de grilletes.","og_url":"https:\/\/alcyon.es\/en\/privacy-policy\/","og_site_name":"Alcyon","article_modified_time":"2025-05-22T13:58:47+00:00","twitter_card":"summary_large_image","twitter_misc":{"Est. reading time":"4 minutes"},"schema":{"@context":"https:\/\/schema.org","@graph":[{"@type":"WebPage","@id":"https:\/\/alcyon.es\/en\/privacy-policy\/","url":"https:\/\/alcyon.es\/en\/privacy-policy\/","name":"Privacy policy | Alcyon","isPartOf":{"@id":"https:\/\/alcyon.es\/#website"},"datePublished":"2023-03-17T10:27:21+00:00","dateModified":"2025-05-22T13:58:47+00:00","description":"Larra\u00f1aga y Elorza, S.A. inicia su actividad en el a\u00f1o 1.918 dedic\u00e1ndose en un principio a la fabricaci\u00f3n de armas cortas, y continuando a partir del a\u00f1o 1.921 con la que ha sido su principal actividad hasta nuestros d\u00edas: La fabricaci\u00f3n de grilletes.","breadcrumb":{"@id":"https:\/\/alcyon.es\/en\/privacy-policy\/#breadcrumb"},"inLanguage":"en-US","potentialAction":[{"@type":"ReadAction","target":["https:\/\/alcyon.es\/en\/privacy-policy\/"]}]},{"@type":"BreadcrumbList","@id":"https:\/\/alcyon.es\/en\/privacy-policy\/#breadcrumb","itemListElement":[{"@type":"ListItem","position":1,"name":"Inicio","item":"https:\/\/alcyon.es\/en\/"},{"@type":"ListItem","position":2,"name":"Privacy policy"}]},{"@type":"WebSite","@id":"https:\/\/alcyon.es\/#website","url":"https:\/\/alcyon.es\/","name":"Alcyon","description":"Larra\u00f1aga y Elorza, S.A. inicia su actividad en el a\u00f1o 1.918 dedic\u00e1ndose en un principio a la fabricaci\u00f3n de armas cortas, y continuando a partir del a\u00f1o 1.921 con la que ha sido su principal actividad hasta nuestros d\u00edas: La fabricaci\u00f3n de grilletes.","publisher":{"@id":"https:\/\/alcyon.es\/#organization"},"alternateName":"Alcyon","potentialAction":[{"@type":"SearchAction","target":{"@type":"EntryPoint","urlTemplate":"https:\/\/alcyon.es\/?s={search_term_string}"},"query-input":{"@type":"PropertyValueSpecification","valueRequired":true,"valueName":"search_term_string"}}],"inLanguage":"en-US"},{"@type":"Organization","@id":"https:\/\/alcyon.es\/#organization","name":"Alcyon","alternateName":"Alcyon","url":"https:\/\/alcyon.es\/","logo":{"@type":"ImageObject","inLanguage":"en-US","@id":"https:\/\/alcyon.es\/#\/schema\/logo\/image\/","url":"https:\/\/alcyon.es\/wp-content\/uploads\/2024\/03\/logo-alcyon.png","contentUrl":"https:\/\/alcyon.es\/wp-content\/uploads\/2024\/03\/logo-alcyon.png","width":300,"height":83,"caption":"Alcyon"},"image":{"@id":"https:\/\/alcyon.es\/#\/schema\/logo\/image\/"}}]}},"_links":{"self":[{"href":"https:\/\/alcyon.es\/en\/wp-json\/wp\/v2\/pages\/2589","targetHints":{"allow":["GET"]}}],"collection":[{"href":"https:\/\/alcyon.es\/en\/wp-json\/wp\/v2\/pages"}],"about":[{"href":"https:\/\/alcyon.es\/en\/wp-json\/wp\/v2\/types\/page"}],"author":[{"embeddable":true,"href":"https:\/\/alcyon.es\/en\/wp-json\/wp\/v2\/users\/1"}],"replies":[{"embeddable":true,"href":"https:\/\/alcyon.es\/en\/wp-json\/wp\/v2\/comments?post=2589"}],"version-history":[{"count":0,"href":"https:\/\/alcyon.es\/en\/wp-json\/wp\/v2\/pages\/2589\/revisions"}],"wp:attachment":[{"href":"https:\/\/alcyon.es\/en\/wp-json\/wp\/v2\/media?parent=2589"}],"curies":[{"name":"wp","href":"https:\/\/api.w.org\/{rel}","templated":true}]}}